{"id":200,"date":"2021-07-23T13:15:23","date_gmt":"2021-07-23T11:15:23","guid":{"rendered":"https:\/\/www.eno-energy.com\/en\/?page_id=200"},"modified":"2022-02-15T09:24:01","modified_gmt":"2022-02-15T08:24:01","slug":"imprint","status":"publish","type":"page","link":"https:\/\/www.eno-energy.com\/en\/imprint\/","title":{"rendered":"Imprint"},"content":{"rendered":"\t\t<div data-elementor-type=\"wp-page\" data-elementor-id=\"200\" class=\"elementor elementor-200\" data-elementor-post-type=\"page\">\n\t\t\t\t\t\t<section class=\"elementor-section elementor-top-section elementor-element elementor-element-a462342 elementor-section-height-min-height elementor-section-full_width elementor-section-items-stretch elementor-section-height-default\" data-id=\"a462342\" data-element_type=\"section\" data-e-type=\"section\">\n\t\t\t\t\t\t<div class=\"elementor-container elementor-column-gap-default\">\n\t\t\t\t\t<div class=\"elementor-column elementor-col-100 elementor-top-column elementor-element elementor-element-b0d0632\" data-id=\"b0d0632\" data-element_type=\"column\" data-e-type=\"column\">\n\t\t\t<div class=\"elementor-widget-wrap elementor-element-populated\">\n\t\t\t\t\t\t<div class=\"elementor-element elementor-element-0bdf683 elementor-widget elementor-widget-image\" data-id=\"0bdf683\" data-element_type=\"widget\" data-e-type=\"widget\" data-widget_type=\"image.default\">\n\t\t\t\t<div class=\"elementor-widget-container\">\n\t\t\t\t\t\t\t\t\t\t\t\t\t\t\t<img fetchpriority=\"high\" decoding=\"async\" width=\"1920\" height=\"362\" src=\"https:\/\/www.eno-energy.com\/en\/wp-content\/uploads\/sites\/2\/2021\/09\/csm_LKoelsaF489_54394ae3cc.jpg\" class=\"attachment-full-hd size-full-hd wp-image-2264\" alt=\"eno energy - Windpark K\u00f6lsa\" srcset=\"https:\/\/www.eno-energy.com\/en\/wp-content\/uploads\/sites\/2\/2021\/09\/csm_LKoelsaF489_54394ae3cc.jpg 1920w, https:\/\/www.eno-energy.com\/en\/wp-content\/uploads\/sites\/2\/2021\/09\/csm_LKoelsaF489_54394ae3cc-300x57.jpg 300w, https:\/\/www.eno-energy.com\/en\/wp-content\/uploads\/sites\/2\/2021\/09\/csm_LKoelsaF489_54394ae3cc-1024x193.jpg 1024w, https:\/\/www.eno-energy.com\/en\/wp-content\/uploads\/sites\/2\/2021\/09\/csm_LKoelsaF489_54394ae3cc-768x145.jpg 768w, https:\/\/www.eno-energy.com\/en\/wp-content\/uploads\/sites\/2\/2021\/09\/csm_LKoelsaF489_54394ae3cc-1536x290.jpg 1536w\" sizes=\"(max-width: 1920px) 100vw, 1920px\" \/>\t\t\t\t\t\t\t\t\t\t\t\t\t\t\t<\/div>\n\t\t\t\t<\/div>\n\t\t\t\t<section class=\"elementor-section elementor-inner-section elementor-element elementor-element-8129c87 elementor-section-height-min-height overlay-content no-overlay-mobile elementor-section-boxed elementor-section-height-default\" data-id=\"8129c87\" data-element_type=\"section\" data-e-type=\"section\" data-settings=\"{&quot;background_background&quot;:&quot;classic&quot;}\">\n\t\t\t\t\t\t<div class=\"elementor-container elementor-column-gap-default\">\n\t\t\t\t\t<div class=\"elementor-column elementor-col-100 elementor-inner-column elementor-element elementor-element-67ed33d animated-fast padding-left-h1 elementor-invisible\" data-id=\"67ed33d\" data-element_type=\"column\" data-e-type=\"column\" data-settings=\"{&quot;motion_fx_motion_fx_scrolling&quot;:&quot;yes&quot;,&quot;motion_fx_translateY_effect&quot;:&quot;yes&quot;,&quot;animation&quot;:&quot;bounceInLeft&quot;,&quot;motion_fx_devices&quot;:[&quot;desktop&quot;,&quot;tablet&quot;],&quot;motion_fx_translateY_speed&quot;:{&quot;unit&quot;:&quot;px&quot;,&quot;size&quot;:4,&quot;sizes&quot;:[]},&quot;motion_fx_translateY_affectedRange&quot;:{&quot;unit&quot;:&quot;%&quot;,&quot;size&quot;:&quot;&quot;,&quot;sizes&quot;:{&quot;start&quot;:0,&quot;end&quot;:100}}}\">\n\t\t\t<div class=\"elementor-widget-wrap elementor-element-populated\">\n\t\t\t\t\t\t<div class=\"elementor-element elementor-element-19d213f elementor-widget elementor-widget-heading\" data-id=\"19d213f\" data-element_type=\"widget\" data-e-type=\"widget\" data-widget_type=\"heading.show_deco_line\">\n\t\t\t\t<div class=\"elementor-widget-container\">\n\t\t\t\t\t<h1 class=\"elementor-heading-title has-deco-line\">Impressum<\/h1>\t\t\t\t<\/div>\n\t\t\t\t<\/div>\n\t\t\t\t\t<\/div>\n\t\t<\/div>\n\t\t\t\t\t<\/div>\n\t\t<\/section>\n\t\t\t\t\t<\/div>\n\t\t<\/div>\n\t\t\t\t\t<\/div>\n\t\t<\/section>\n\t\t\t\t<section class=\"elementor-section elementor-top-section elementor-element elementor-element-ea2aec8 elementor-section-boxed elementor-section-height-default elementor-section-height-default\" data-id=\"ea2aec8\" data-element_type=\"section\" data-e-type=\"section\">\n\t\t\t\t\t\t<div class=\"elementor-container elementor-column-gap-default\">\n\t\t\t\t\t<div class=\"elementor-column elementor-col-100 elementor-top-column elementor-element elementor-element-2c08ad3\" data-id=\"2c08ad3\" data-element_type=\"column\" data-e-type=\"column\">\n\t\t\t<div class=\"elementor-widget-wrap elementor-element-populated\">\n\t\t\t\t\t\t<div class=\"elementor-element elementor-element-c8649e1 elementor-widget elementor-widget-text-editor\" data-id=\"c8649e1\" data-element_type=\"widget\" data-e-type=\"widget\" data-widget_type=\"text-editor.default\">\n\t\t\t\t<div class=\"elementor-widget-container\">\n\t\t\t\t\t\t\t\t\t<p class=\"bodytext\">eno energy GmbH<\/p>\n<p class=\"bodytext\">Stra\u00dfe am Zeltplatz 7<br>18230 Ostseebad Rerik<br>Germany<\/p>\n<p class=\"bodytext\">Telefon: +49 (0)3 81 . 203792 &#8211; 0<br>Telefax: +49 (0)3 81 . 203792 &#8211; 101<br>E-Mail: info@eno-energy.com<\/p>\n<p class=\"bodytext\">Hinweis gem\u00e4\u00df Teledienstgesetz \u00a7 6: Diese Web-Site wird bereitgehalten von der eno energy GmbH \/ Stra\u00dfe am Zeltplatz 7 \/ 18230 Ostseebad Rerik<\/p>\n<p class=\"bodytext\"><strong>Registergericht:<\/strong><\/p>\n<p class=\"bodytext\">Amtsgericht Rostock HRB 10174<br>USt-IdNr. DE 244375120<\/p>\n<p class=\"bodytext\"><strong>Gesch\u00e4ftsf\u00fchrer eno energy GmbH:<\/strong><br>Karsten Porm<\/p>\n<p class=\"bodytext\"><strong>Gesch\u00e4ftsf\u00fchrer eno energy systems GmbH:<\/strong><br>Karsten Porm<\/p>\n<p class=\"bodytext\"><strong>Haftungsausschluss:<\/strong><\/p>\n<p class=\"bodytext\">Alle Inhalte dieser Website sind sorgf\u00e4ltig zusammengestellt und auf Fehler \u00fcberpr\u00fcft. Da aber Fehler nicht grunds\u00e4tzlich ausgeschlossen werden k\u00f6nnen, \u00fcbernimmt die eno energy und ihre Auftragnehmer keinerlei Haftung f\u00fcr Sch\u00e4den, die durch den Gebrauch von oder das Vertrauen auf Angaben auf dieser Website beruhen.<\/p>\n<p class=\"bodytext\">Alle Querverweise (\u00bbLinks\u00ab) sind auf rechtswidrige oder strafrechtliche Inhalte \u00fcberpr\u00fcft. Da sich diese Angebote st\u00e4ndig weiterentwickeln, \u00fcbernehmen wir keine Verantwortung f\u00fcr fremde Inhalte.<\/p>\n<p class=\"bodytext\"><strong>Urheberrechte:<\/strong><\/p>\n<p class=\"bodytext\">\u00a9 Copyright 2010 eno energy GmbH<\/p>\n<p class=\"bodytext\">Alle Rechte vorbehalten. Text, Bilder, Grafiken, Animationen und Videos sowie deren Anordnung auf der Webseite der eno energy GmbH unterliegen dem Schutz des Urheberrechts und anderer Schutzgesetze. Der Inhalt dieser Website darf nicht zu kommerziellen Zwecken kopiert, verbreitet, ver\u00e4ndert oder Dritten zug\u00e4nglich gemacht werden. Die auf den Websites enthaltenen Bilder unterliegen teilweise dem Urheberrecht Dritter.<\/p>\n<p class=\"bodytext\"><strong>Konzept, Design, Programmierung:<\/strong><\/p>\n<p>Lorem Ipsum web.solutions GmbH<br>Grieskai 10&nbsp;<br>A-8020 Graz<br><a href=\"https:\/\/www.loremipsum.at\">www.loremipsum.at<\/a><\/p>\n<p>Elbzeichnung<br>Schlo\u00dfallee 8<br>D-01468 Moritzburg<\/p>\n<p class=\"bodytext\">\n<\/p>\t\t\t\t\t\t\t\t<\/div>\n\t\t\t\t<\/div>\n\t\t\t\t\t<\/div>\n\t\t<\/div>\n\t\t\t\t\t<\/div>\n\t\t<\/section>\n\t\t\t\t<\/div>\n\t\t","protected":false},"excerpt":{"rendered":"<p>Impressum eno energy GmbH Stra\u00dfe am Zeltplatz 718230 Ostseebad RerikGermany Telefon: +49 (0)3 81 . 203792 &#8211; 0Telefax: +49 (0)3 81 . 203792 &#8211; 101E-Mail: info@eno-energy.com Hinweis gem\u00e4\u00df Teledienstgesetz \u00a7 6: Diese Web-Site wird bereitgehalten von der eno energy GmbH \/ Stra\u00dfe am Zeltplatz 7 \/ 18230 Ostseebad Rerik Registergericht: Amtsgericht Rostock HRB 10174USt-IdNr. DE [&hellip;]<\/p>\n","protected":false},"author":2,"featured_media":0,"parent":0,"menu_order":0,"comment_status":"closed","ping_status":"closed","template":"","meta":{"_acf_changed":false,"inline_featured_image":false,"footnotes":""},"class_list":["post-200","page","type-page","status-publish","hentry"],"acf":[],"yoast_head":"<!-- This site is optimized with the Yoast SEO plugin v27.2 - https:\/\/yoast.com\/product\/yoast-seo-wordpress\/ -->\n<title>eno energy - Imprint<\/title>\n<meta name=\"description\" content=\"resposible for the content: eno energy GmbH, Stra\u00dfe am Zeltplatz 7, 18230 Ostseebad Rerik. Telephone: +49 (0)3 81 . 203792 \u2013 0\" \/>\n<meta name=\"robots\" content=\"index, follow, max-snippet:-1, max-image-preview:large, max-video-preview:-1\" \/>\n<link rel=\"canonical\" href=\"https:\/\/www.eno-energy.com\/en\/imprint\/\" \/>\n<meta property=\"og:locale\" content=\"en_US\" \/>\n<meta property=\"og:type\" content=\"article\" \/>\n<meta property=\"og:title\" content=\"eno energy - Imprint\" \/>\n<meta property=\"og:description\" content=\"resposible for the content: eno energy GmbH, Stra\u00dfe am Zeltplatz 7, 18230 Ostseebad Rerik. Telephone: +49 (0)3 81 . 203792 \u2013 0\" \/>\n<meta property=\"og:url\" content=\"https:\/\/www.eno-energy.com\/en\/imprint\/\" \/>\n<meta property=\"og:site_name\" content=\"eno energy [EN]\" \/>\n<meta property=\"article:modified_time\" content=\"2022-02-15T08:24:01+00:00\" \/>\n<meta property=\"og:image\" content=\"https:\/\/www.eno-energy.com\/en\/wp-content\/uploads\/sites\/2\/2021\/09\/csm_LKoelsaF489_54394ae3cc.jpg\" \/>\n<meta name=\"twitter:card\" content=\"summary_large_image\" \/>\n<meta name=\"twitter:label1\" content=\"Est. reading time\" \/>\n\t<meta name=\"twitter:data1\" content=\"2 minutes\" \/>\n<script type=\"application\/ld+json\" class=\"yoast-schema-graph\">{\"@context\":\"https:\/\/schema.org\",\"@graph\":[{\"@type\":\"WebPage\",\"@id\":\"https:\/\/www.eno-energy.com\/en\/imprint\/\",\"url\":\"https:\/\/www.eno-energy.com\/en\/imprint\/\",\"name\":\"eno energy - Imprint\",\"isPartOf\":{\"@id\":\"https:\/\/www.eno-energy.com\/en\/#website\"},\"primaryImageOfPage\":{\"@id\":\"https:\/\/www.eno-energy.com\/en\/imprint\/#primaryimage\"},\"image\":{\"@id\":\"https:\/\/www.eno-energy.com\/en\/imprint\/#primaryimage\"},\"thumbnailUrl\":\"https:\/\/www.eno-energy.com\/en\/wp-content\/uploads\/sites\/2\/2021\/09\/csm_LKoelsaF489_54394ae3cc.jpg\",\"datePublished\":\"2021-07-23T11:15:23+00:00\",\"dateModified\":\"2022-02-15T08:24:01+00:00\",\"description\":\"resposible for the content: eno energy GmbH, Stra\u00dfe am Zeltplatz 7, 18230 Ostseebad Rerik. Telephone: +49 (0)3 81 . 203792 \u2013 0\",\"breadcrumb\":{\"@id\":\"https:\/\/www.eno-energy.com\/en\/imprint\/#breadcrumb\"},\"inLanguage\":\"en-US\",\"potentialAction\":[{\"@type\":\"ReadAction\",\"target\":[\"https:\/\/www.eno-energy.com\/en\/imprint\/\"]}]},{\"@type\":\"ImageObject\",\"inLanguage\":\"en-US\",\"@id\":\"https:\/\/www.eno-energy.com\/en\/imprint\/#primaryimage\",\"url\":\"https:\/\/www.eno-energy.com\/en\/wp-content\/uploads\/sites\/2\/2021\/09\/csm_LKoelsaF489_54394ae3cc.jpg\",\"contentUrl\":\"https:\/\/www.eno-energy.com\/en\/wp-content\/uploads\/sites\/2\/2021\/09\/csm_LKoelsaF489_54394ae3cc.jpg\",\"width\":1920,\"height\":362,\"caption\":\"eno energy - Windpark K\u00f6lsa\"},{\"@type\":\"BreadcrumbList\",\"@id\":\"https:\/\/www.eno-energy.com\/en\/imprint\/#breadcrumb\",\"itemListElement\":[{\"@type\":\"ListItem\",\"position\":1,\"name\":\"Startseite\",\"item\":\"https:\/\/www.eno-energy.com\/en\/\"},{\"@type\":\"ListItem\",\"position\":2,\"name\":\"Imprint\"}]},{\"@type\":\"WebSite\",\"@id\":\"https:\/\/www.eno-energy.com\/en\/#website\",\"url\":\"https:\/\/www.eno-energy.com\/en\/\",\"name\":\"eno energy [EN]\",\"description\":\"Success with wind\",\"potentialAction\":[{\"@type\":\"SearchAction\",\"target\":{\"@type\":\"EntryPoint\",\"urlTemplate\":\"https:\/\/www.eno-energy.com\/en\/?s={search_term_string}\"},\"query-input\":{\"@type\":\"PropertyValueSpecification\",\"valueRequired\":true,\"valueName\":\"search_term_string\"}}],\"inLanguage\":\"en-US\"}]}<\/script>\n<!-- \/ Yoast SEO plugin. -->","yoast_head_json":{"title":"eno energy - Imprint","description":"resposible for the content: eno energy GmbH, Stra\u00dfe am Zeltplatz 7, 18230 Ostseebad Rerik. Telephone: +49 (0)3 81 . 203792 \u2013 0","robots":{"index":"index","follow":"follow","max-snippet":"max-snippet:-1","max-image-preview":"max-image-preview:large","max-video-preview":"max-video-preview:-1"},"canonical":"https:\/\/www.eno-energy.com\/en\/imprint\/","og_locale":"en_US","og_type":"article","og_title":"eno energy - Imprint","og_description":"resposible for the content: eno energy GmbH, Stra\u00dfe am Zeltplatz 7, 18230 Ostseebad Rerik. Telephone: +49 (0)3 81 . 203792 \u2013 0","og_url":"https:\/\/www.eno-energy.com\/en\/imprint\/","og_site_name":"eno energy [EN]","article_modified_time":"2022-02-15T08:24:01+00:00","og_image":[{"url":"https:\/\/www.eno-energy.com\/en\/wp-content\/uploads\/sites\/2\/2021\/09\/csm_LKoelsaF489_54394ae3cc.jpg","type":"","width":"","height":""}],"twitter_card":"summary_large_image","twitter_misc":{"Est. reading time":"2 minutes"},"schema":{"@context":"https:\/\/schema.org","@graph":[{"@type":"WebPage","@id":"https:\/\/www.eno-energy.com\/en\/imprint\/","url":"https:\/\/www.eno-energy.com\/en\/imprint\/","name":"eno energy - Imprint","isPartOf":{"@id":"https:\/\/www.eno-energy.com\/en\/#website"},"primaryImageOfPage":{"@id":"https:\/\/www.eno-energy.com\/en\/imprint\/#primaryimage"},"image":{"@id":"https:\/\/www.eno-energy.com\/en\/imprint\/#primaryimage"},"thumbnailUrl":"https:\/\/www.eno-energy.com\/en\/wp-content\/uploads\/sites\/2\/2021\/09\/csm_LKoelsaF489_54394ae3cc.jpg","datePublished":"2021-07-23T11:15:23+00:00","dateModified":"2022-02-15T08:24:01+00:00","description":"resposible for the content: eno energy GmbH, Stra\u00dfe am Zeltplatz 7, 18230 Ostseebad Rerik. Telephone: +49 (0)3 81 . 203792 \u2013 0","breadcrumb":{"@id":"https:\/\/www.eno-energy.com\/en\/imprint\/#breadcrumb"},"inLanguage":"en-US","potentialAction":[{"@type":"ReadAction","target":["https:\/\/www.eno-energy.com\/en\/imprint\/"]}]},{"@type":"ImageObject","inLanguage":"en-US","@id":"https:\/\/www.eno-energy.com\/en\/imprint\/#primaryimage","url":"https:\/\/www.eno-energy.com\/en\/wp-content\/uploads\/sites\/2\/2021\/09\/csm_LKoelsaF489_54394ae3cc.jpg","contentUrl":"https:\/\/www.eno-energy.com\/en\/wp-content\/uploads\/sites\/2\/2021\/09\/csm_LKoelsaF489_54394ae3cc.jpg","width":1920,"height":362,"caption":"eno energy - Windpark K\u00f6lsa"},{"@type":"BreadcrumbList","@id":"https:\/\/www.eno-energy.com\/en\/imprint\/#breadcrumb","itemListElement":[{"@type":"ListItem","position":1,"name":"Startseite","item":"https:\/\/www.eno-energy.com\/en\/"},{"@type":"ListItem","position":2,"name":"Imprint"}]},{"@type":"WebSite","@id":"https:\/\/www.eno-energy.com\/en\/#website","url":"https:\/\/www.eno-energy.com\/en\/","name":"eno energy [EN]","description":"Success with wind","potentialAction":[{"@type":"SearchAction","target":{"@type":"EntryPoint","urlTemplate":"https:\/\/www.eno-energy.com\/en\/?s={search_term_string}"},"query-input":{"@type":"PropertyValueSpecification","valueRequired":true,"valueName":"search_term_string"}}],"inLanguage":"en-US"}]}},"_links":{"self":[{"href":"https:\/\/www.eno-energy.com\/en\/wp-json\/wp\/v2\/pages\/200","targetHints":{"allow":["GET"]}}],"collection":[{"href":"https:\/\/www.eno-energy.com\/en\/wp-json\/wp\/v2\/pages"}],"about":[{"href":"https:\/\/www.eno-energy.com\/en\/wp-json\/wp\/v2\/types\/page"}],"author":[{"embeddable":true,"href":"https:\/\/www.eno-energy.com\/en\/wp-json\/wp\/v2\/users\/2"}],"replies":[{"embeddable":true,"href":"https:\/\/www.eno-energy.com\/en\/wp-json\/wp\/v2\/comments?post=200"}],"version-history":[{"count":7,"href":"https:\/\/www.eno-energy.com\/en\/wp-json\/wp\/v2\/pages\/200\/revisions"}],"predecessor-version":[{"id":5438,"href":"https:\/\/www.eno-energy.com\/en\/wp-json\/wp\/v2\/pages\/200\/revisions\/5438"}],"wp:attachment":[{"href":"https:\/\/www.eno-energy.com\/en\/wp-json\/wp\/v2\/media?parent=200"}],"curies":[{"name":"wp","href":"https:\/\/api.w.org\/{rel}","templated":true}]}}