{"id":2800,"date":"2021-09-13T10:48:03","date_gmt":"2021-09-13T08:48:03","guid":{"rendered":"https:\/\/www.eno-energy.com\/en\/?page_id=2800"},"modified":"2022-07-24T21:53:06","modified_gmt":"2022-07-24T19:53:06","slug":"wilmersdorf","status":"publish","type":"page","link":"https:\/\/www.eno-energy.com\/en\/login\/wilmersdorf\/","title":{"rendered":"Wilmersdorf"},"content":{"rendered":"\t\t<div data-elementor-type=\"wp-page\" data-elementor-id=\"2800\" class=\"elementor elementor-2800\" data-elementor-post-type=\"page\">\n\t\t\t\t\t\t<section class=\"elementor-section elementor-top-section elementor-element elementor-element-09650a7 elementor-section-height-min-height elementor-section-full_width elementor-section-items-stretch elementor-section-height-default\" data-id=\"09650a7\" data-element_type=\"section\" data-e-type=\"section\">\n\t\t\t\t\t\t<div class=\"elementor-container elementor-column-gap-default\">\n\t\t\t\t\t<div class=\"elementor-column elementor-col-100 elementor-top-column elementor-element elementor-element-8dabe21\" data-id=\"8dabe21\" data-element_type=\"column\" data-e-type=\"column\">\n\t\t\t<div class=\"elementor-widget-wrap elementor-element-populated\">\n\t\t\t\t\t\t<div class=\"elementor-element elementor-element-46ef9f8 elementor-widget elementor-widget-image\" data-id=\"46ef9f8\" data-element_type=\"widget\" data-e-type=\"widget\" data-widget_type=\"image.default\">\n\t\t\t\t<div class=\"elementor-widget-container\">\n\t\t\t\t\t\t\t\t\t\t\t\t\t\t\t<img fetchpriority=\"high\" decoding=\"async\" width=\"1920\" height=\"362\" src=\"https:\/\/www.eno-energy.com\/en\/wp-content\/uploads\/sites\/2\/2021\/09\/csm_LKoelsaF489_54394ae3cc.jpg\" class=\"attachment-full-hd size-full-hd wp-image-2264\" alt=\"eno energy - Windpark K\u00f6lsa\" srcset=\"https:\/\/www.eno-energy.com\/en\/wp-content\/uploads\/sites\/2\/2021\/09\/csm_LKoelsaF489_54394ae3cc.jpg 1920w, https:\/\/www.eno-energy.com\/en\/wp-content\/uploads\/sites\/2\/2021\/09\/csm_LKoelsaF489_54394ae3cc-300x57.jpg 300w, https:\/\/www.eno-energy.com\/en\/wp-content\/uploads\/sites\/2\/2021\/09\/csm_LKoelsaF489_54394ae3cc-1024x193.jpg 1024w, https:\/\/www.eno-energy.com\/en\/wp-content\/uploads\/sites\/2\/2021\/09\/csm_LKoelsaF489_54394ae3cc-768x145.jpg 768w, https:\/\/www.eno-energy.com\/en\/wp-content\/uploads\/sites\/2\/2021\/09\/csm_LKoelsaF489_54394ae3cc-1536x290.jpg 1536w\" sizes=\"(max-width: 1920px) 100vw, 1920px\" \/>\t\t\t\t\t\t\t\t\t\t\t\t\t\t\t<\/div>\n\t\t\t\t<\/div>\n\t\t\t\t<section class=\"elementor-section elementor-inner-section elementor-element elementor-element-ff24de6 elementor-section-height-min-height overlay-content no-overlay-mobile elementor-section-boxed elementor-section-height-default\" data-id=\"ff24de6\" data-element_type=\"section\" data-e-type=\"section\" data-settings=\"{&quot;background_background&quot;:&quot;classic&quot;}\">\n\t\t\t\t\t\t<div class=\"elementor-container elementor-column-gap-default\">\n\t\t\t\t\t<div class=\"elementor-column elementor-col-100 elementor-inner-column elementor-element elementor-element-ecfd78a animated-fast padding-left-h1 elementor-invisible\" data-id=\"ecfd78a\" data-element_type=\"column\" data-e-type=\"column\" data-settings=\"{&quot;motion_fx_motion_fx_scrolling&quot;:&quot;yes&quot;,&quot;motion_fx_translateY_effect&quot;:&quot;yes&quot;,&quot;animation&quot;:&quot;bounceInLeft&quot;,&quot;motion_fx_devices&quot;:[&quot;desktop&quot;,&quot;tablet&quot;],&quot;motion_fx_translateY_speed&quot;:{&quot;unit&quot;:&quot;px&quot;,&quot;size&quot;:4,&quot;sizes&quot;:[]},&quot;motion_fx_translateY_affectedRange&quot;:{&quot;unit&quot;:&quot;%&quot;,&quot;size&quot;:&quot;&quot;,&quot;sizes&quot;:{&quot;start&quot;:0,&quot;end&quot;:100}}}\">\n\t\t\t<div class=\"elementor-widget-wrap elementor-element-populated\">\n\t\t\t\t\t\t<div class=\"elementor-element elementor-element-5234268 elementor-widget elementor-widget-heading\" data-id=\"5234268\" data-element_type=\"widget\" data-e-type=\"widget\" data-widget_type=\"heading.show_deco_line\">\n\t\t\t\t<div class=\"elementor-widget-container\">\n\t\t\t\t\t<h1 class=\"elementor-heading-title has-deco-line\">Windpark Wilmersdorf<\/h1>\t\t\t\t<\/div>\n\t\t\t\t<\/div>\n\t\t\t\t\t<\/div>\n\t\t<\/div>\n\t\t\t\t\t<\/div>\n\t\t<\/section>\n\t\t\t\t\t<\/div>\n\t\t<\/div>\n\t\t\t\t\t<\/div>\n\t\t<\/section>\n\t\t<!-- hidden section 2800-b63e57e -->\t\t<section class=\"elementor-section elementor-top-section elementor-element elementor-element-20ded9c elementor-section-full_width dc-has-condition dc-condition-equal elementor-section-height-default elementor-section-height-default\" data-id=\"20ded9c\" data-element_type=\"section\" data-e-type=\"section\">\n\t\t\t\t\t\t<div class=\"elementor-container elementor-column-gap-default\">\n\t\t\t\t\t<div class=\"elementor-column elementor-col-100 elementor-top-column elementor-element elementor-element-e1b0eeb\" data-id=\"e1b0eeb\" data-element_type=\"column\" data-e-type=\"column\">\n\t\t\t<div class=\"elementor-widget-wrap elementor-element-populated\">\n\t\t\t\t\t\t<div class=\"elementor-element elementor-element-71c659a elementor-widget elementor-widget-template\" data-id=\"71c659a\" data-element_type=\"widget\" data-e-type=\"widget\" data-widget_type=\"template.default\">\n\t\t\t\t<div class=\"elementor-widget-container\">\n\t\t\t\t\t\t\t<div class=\"elementor-template\">\n\t\t\t\t\t<div data-elementor-type=\"page\" data-elementor-id=\"2806\" class=\"elementor elementor-2806\" data-elementor-post-type=\"elementor_library\">\n\t\t\t\t\t\t<section class=\"elementor-section elementor-top-section elementor-element elementor-element-9e99453 elementor-section-boxed elementor-section-height-default elementor-section-height-default\" data-id=\"9e99453\" data-element_type=\"section\" data-e-type=\"section\">\n\t\t\t\t\t\t<div class=\"elementor-container elementor-column-gap-default\">\n\t\t\t\t\t<div class=\"elementor-column elementor-col-100 elementor-top-column elementor-element elementor-element-3f2f8cc\" data-id=\"3f2f8cc\" data-element_type=\"column\" data-e-type=\"column\">\n\t\t\t<div class=\"elementor-widget-wrap elementor-element-populated\">\n\t\t\t\t\t\t<div class=\"elementor-element elementor-element-8af7265 elementor-widget__width-auto elementor-widget elementor-widget-heading\" data-id=\"8af7265\" data-element_type=\"widget\" data-e-type=\"widget\" data-widget_type=\"heading.show_deco_line\">\n\t\t\t\t<div class=\"elementor-widget-container\">\n\t\t\t\t\t<h2 class=\"elementor-heading-title has-deco-line\">Kein Zugriff<\/h2>\t\t\t\t<\/div>\n\t\t\t\t<\/div>\n\t\t\t\t<div class=\"elementor-element elementor-element-d7e944c elementor-widget elementor-widget-text-editor\" data-id=\"d7e944c\" data-element_type=\"widget\" data-e-type=\"widget\" data-widget_type=\"text-editor.default\">\n\t\t\t\t<div class=\"elementor-widget-container\">\n\t\t\t\t\t\t\t\t\t<p>Sie haben nicht die erforderlichen Rechte um diesen Inhalt anzuzeigen<\/p>\t\t\t\t\t\t\t\t<\/div>\n\t\t\t\t<\/div>\n\t\t\t\t\t<\/div>\n\t\t<\/div>\n\t\t\t\t\t<\/div>\n\t\t<\/section>\n\t\t\t\t<\/div>\n\t\t\t\t<\/div>\n\t\t\t\t\t\t<\/div>\n\t\t\t\t<\/div>\n\t\t\t\t\t<\/div>\n\t\t<\/div>\n\t\t\t\t\t<\/div>\n\t\t<\/section>\n\t\t\t\t<\/div>\n\t\t","protected":false},"excerpt":{"rendered":"<p>Windpark Wilmersdorf Ertr\u00e4ge Wilmersdorf Ertr\u00e4ge 2022 Wilmersdorf Ertr\u00e4ge 2021 Wilmersdorf Ertr\u00e4ge 2020 Wilmersdorf Ertr\u00e4ge 2019 Wilmersdorf Ertr\u00e4ge 2018 Wilmersdorf Ertr\u00e4ge 2017 Wilmersdorf Ertr\u00e4ge 2016 Wilmersdorf Ertr\u00e4ge 2015 Wilmersdorf Ertr\u00e4ge 2014 Wilmersdorf Ertr\u00e4ge 2013 Wilmersdorf Ertr\u00e4ge 2012 Wilmersdorf Ertr\u00e4ge 2011 Wilmersdorf Ertr\u00e4ge 2010 Wilmersdorf Ertr\u00e4ge 2009 Wilmersdorf Ertr\u00e4ge 2008 Wilmersdorf Ertr\u00e4ge 2007 Jahresabschluss Wilmersdorf Jahresabschluss 2020 [&hellip;]<\/p>\n","protected":false},"author":2,"featured_media":0,"parent":2792,"menu_order":0,"comment_status":"closed","ping_status":"closed","template":"","meta":{"_acf_changed":false,"inline_featured_image":false,"footnotes":""},"class_list":["post-2800","page","type-page","status-publish","hentry"],"acf":[],"yoast_head":"<!-- This site is optimized with the Yoast SEO plugin v27.2 - https:\/\/yoast.com\/product\/yoast-seo-wordpress\/ -->\n<title>Wilmersdorf - eno energy [EN]<\/title>\n<meta name=\"robots\" content=\"index, follow, max-snippet:-1, max-image-preview:large, max-video-preview:-1\" \/>\n<link rel=\"canonical\" href=\"https:\/\/www.eno-energy.com\/en\/login\/wilmersdorf\/\" \/>\n<meta property=\"og:locale\" content=\"en_US\" \/>\n<meta property=\"og:type\" content=\"article\" \/>\n<meta property=\"og:title\" content=\"Wilmersdorf - eno energy [EN]\" \/>\n<meta property=\"og:description\" content=\"Windpark Wilmersdorf Ertr\u00e4ge Wilmersdorf Ertr\u00e4ge 2022 Wilmersdorf Ertr\u00e4ge 2021 Wilmersdorf Ertr\u00e4ge 2020 Wilmersdorf Ertr\u00e4ge 2019 Wilmersdorf Ertr\u00e4ge 2018 Wilmersdorf Ertr\u00e4ge 2017 Wilmersdorf Ertr\u00e4ge 2016 Wilmersdorf Ertr\u00e4ge 2015 Wilmersdorf Ertr\u00e4ge 2014 Wilmersdorf Ertr\u00e4ge 2013 Wilmersdorf Ertr\u00e4ge 2012 Wilmersdorf Ertr\u00e4ge 2011 Wilmersdorf Ertr\u00e4ge 2010 Wilmersdorf Ertr\u00e4ge 2009 Wilmersdorf Ertr\u00e4ge 2008 Wilmersdorf Ertr\u00e4ge 2007 Jahresabschluss Wilmersdorf Jahresabschluss 2020 [&hellip;]\" \/>\n<meta property=\"og:url\" content=\"https:\/\/www.eno-energy.com\/en\/login\/wilmersdorf\/\" \/>\n<meta property=\"og:site_name\" content=\"eno energy [EN]\" \/>\n<meta property=\"article:modified_time\" content=\"2022-07-24T19:53:06+00:00\" \/>\n<meta property=\"og:image\" content=\"https:\/\/www.eno-energy.com\/en\/wp-content\/uploads\/sites\/2\/2021\/09\/csm_LKoelsaF489_54394ae3cc.jpg\" \/>\n<meta name=\"twitter:card\" content=\"summary_large_image\" \/>\n<meta name=\"twitter:label1\" content=\"Est. reading time\" \/>\n\t<meta name=\"twitter:data1\" content=\"1 minute\" \/>\n<script type=\"application\/ld+json\" class=\"yoast-schema-graph\">{\"@context\":\"https:\/\/schema.org\",\"@graph\":[{\"@type\":\"WebPage\",\"@id\":\"https:\/\/www.eno-energy.com\/en\/login\/wilmersdorf\/\",\"url\":\"https:\/\/www.eno-energy.com\/en\/login\/wilmersdorf\/\",\"name\":\"Wilmersdorf - eno energy [EN]\",\"isPartOf\":{\"@id\":\"https:\/\/www.eno-energy.com\/en\/#website\"},\"primaryImageOfPage\":{\"@id\":\"https:\/\/www.eno-energy.com\/en\/login\/wilmersdorf\/#primaryimage\"},\"image\":{\"@id\":\"https:\/\/www.eno-energy.com\/en\/login\/wilmersdorf\/#primaryimage\"},\"thumbnailUrl\":\"https:\/\/www.eno-energy.com\/en\/wp-content\/uploads\/sites\/2\/2021\/09\/csm_LKoelsaF489_54394ae3cc.jpg\",\"datePublished\":\"2021-09-13T08:48:03+00:00\",\"dateModified\":\"2022-07-24T19:53:06+00:00\",\"breadcrumb\":{\"@id\":\"https:\/\/www.eno-energy.com\/en\/login\/wilmersdorf\/#breadcrumb\"},\"inLanguage\":\"en-US\",\"potentialAction\":[{\"@type\":\"ReadAction\",\"target\":[\"https:\/\/www.eno-energy.com\/en\/login\/wilmersdorf\/\"]}]},{\"@type\":\"ImageObject\",\"inLanguage\":\"en-US\",\"@id\":\"https:\/\/www.eno-energy.com\/en\/login\/wilmersdorf\/#primaryimage\",\"url\":\"https:\/\/www.eno-energy.com\/en\/wp-content\/uploads\/sites\/2\/2021\/09\/csm_LKoelsaF489_54394ae3cc.jpg\",\"contentUrl\":\"https:\/\/www.eno-energy.com\/en\/wp-content\/uploads\/sites\/2\/2021\/09\/csm_LKoelsaF489_54394ae3cc.jpg\",\"width\":1920,\"height\":362,\"caption\":\"eno energy - Windpark K\u00f6lsa\"},{\"@type\":\"BreadcrumbList\",\"@id\":\"https:\/\/www.eno-energy.com\/en\/login\/wilmersdorf\/#breadcrumb\",\"itemListElement\":[{\"@type\":\"ListItem\",\"position\":1,\"name\":\"Startseite\",\"item\":\"https:\/\/www.eno-energy.com\/en\/\"},{\"@type\":\"ListItem\",\"position\":2,\"name\":\"Login\",\"item\":\"https:\/\/www.eno-energy.com\/en\/login\/\"},{\"@type\":\"ListItem\",\"position\":3,\"name\":\"Wilmersdorf\"}]},{\"@type\":\"WebSite\",\"@id\":\"https:\/\/www.eno-energy.com\/en\/#website\",\"url\":\"https:\/\/www.eno-energy.com\/en\/\",\"name\":\"eno energy [EN]\",\"description\":\"Success with wind\",\"potentialAction\":[{\"@type\":\"SearchAction\",\"target\":{\"@type\":\"EntryPoint\",\"urlTemplate\":\"https:\/\/www.eno-energy.com\/en\/?s={search_term_string}\"},\"query-input\":{\"@type\":\"PropertyValueSpecification\",\"valueRequired\":true,\"valueName\":\"search_term_string\"}}],\"inLanguage\":\"en-US\"}]}<\/script>\n<!-- \/ Yoast SEO plugin. -->","yoast_head_json":{"title":"Wilmersdorf - eno energy [EN]","robots":{"index":"index","follow":"follow","max-snippet":"max-snippet:-1","max-image-preview":"max-image-preview:large","max-video-preview":"max-video-preview:-1"},"canonical":"https:\/\/www.eno-energy.com\/en\/login\/wilmersdorf\/","og_locale":"en_US","og_type":"article","og_title":"Wilmersdorf - eno energy [EN]","og_description":"Windpark Wilmersdorf Ertr\u00e4ge Wilmersdorf Ertr\u00e4ge 2022 Wilmersdorf Ertr\u00e4ge 2021 Wilmersdorf Ertr\u00e4ge 2020 Wilmersdorf Ertr\u00e4ge 2019 Wilmersdorf Ertr\u00e4ge 2018 Wilmersdorf Ertr\u00e4ge 2017 Wilmersdorf Ertr\u00e4ge 2016 Wilmersdorf Ertr\u00e4ge 2015 Wilmersdorf Ertr\u00e4ge 2014 Wilmersdorf Ertr\u00e4ge 2013 Wilmersdorf Ertr\u00e4ge 2012 Wilmersdorf Ertr\u00e4ge 2011 Wilmersdorf Ertr\u00e4ge 2010 Wilmersdorf Ertr\u00e4ge 2009 Wilmersdorf Ertr\u00e4ge 2008 Wilmersdorf Ertr\u00e4ge 2007 Jahresabschluss Wilmersdorf Jahresabschluss 2020 [&hellip;]","og_url":"https:\/\/www.eno-energy.com\/en\/login\/wilmersdorf\/","og_site_name":"eno energy [EN]","article_modified_time":"2022-07-24T19:53:06+00:00","og_image":[{"url":"https:\/\/www.eno-energy.com\/en\/wp-content\/uploads\/sites\/2\/2021\/09\/csm_LKoelsaF489_54394ae3cc.jpg","type":"","width":"","height":""}],"twitter_card":"summary_large_image","twitter_misc":{"Est. reading time":"1 minute"},"schema":{"@context":"https:\/\/schema.org","@graph":[{"@type":"WebPage","@id":"https:\/\/www.eno-energy.com\/en\/login\/wilmersdorf\/","url":"https:\/\/www.eno-energy.com\/en\/login\/wilmersdorf\/","name":"Wilmersdorf - eno energy [EN]","isPartOf":{"@id":"https:\/\/www.eno-energy.com\/en\/#website"},"primaryImageOfPage":{"@id":"https:\/\/www.eno-energy.com\/en\/login\/wilmersdorf\/#primaryimage"},"image":{"@id":"https:\/\/www.eno-energy.com\/en\/login\/wilmersdorf\/#primaryimage"},"thumbnailUrl":"https:\/\/www.eno-energy.com\/en\/wp-content\/uploads\/sites\/2\/2021\/09\/csm_LKoelsaF489_54394ae3cc.jpg","datePublished":"2021-09-13T08:48:03+00:00","dateModified":"2022-07-24T19:53:06+00:00","breadcrumb":{"@id":"https:\/\/www.eno-energy.com\/en\/login\/wilmersdorf\/#breadcrumb"},"inLanguage":"en-US","potentialAction":[{"@type":"ReadAction","target":["https:\/\/www.eno-energy.com\/en\/login\/wilmersdorf\/"]}]},{"@type":"ImageObject","inLanguage":"en-US","@id":"https:\/\/www.eno-energy.com\/en\/login\/wilmersdorf\/#primaryimage","url":"https:\/\/www.eno-energy.com\/en\/wp-content\/uploads\/sites\/2\/2021\/09\/csm_LKoelsaF489_54394ae3cc.jpg","contentUrl":"https:\/\/www.eno-energy.com\/en\/wp-content\/uploads\/sites\/2\/2021\/09\/csm_LKoelsaF489_54394ae3cc.jpg","width":1920,"height":362,"caption":"eno energy - Windpark K\u00f6lsa"},{"@type":"BreadcrumbList","@id":"https:\/\/www.eno-energy.com\/en\/login\/wilmersdorf\/#breadcrumb","itemListElement":[{"@type":"ListItem","position":1,"name":"Startseite","item":"https:\/\/www.eno-energy.com\/en\/"},{"@type":"ListItem","position":2,"name":"Login","item":"https:\/\/www.eno-energy.com\/en\/login\/"},{"@type":"ListItem","position":3,"name":"Wilmersdorf"}]},{"@type":"WebSite","@id":"https:\/\/www.eno-energy.com\/en\/#website","url":"https:\/\/www.eno-energy.com\/en\/","name":"eno energy [EN]","description":"Success with wind","potentialAction":[{"@type":"SearchAction","target":{"@type":"EntryPoint","urlTemplate":"https:\/\/www.eno-energy.com\/en\/?s={search_term_string}"},"query-input":{"@type":"PropertyValueSpecification","valueRequired":true,"valueName":"search_term_string"}}],"inLanguage":"en-US"}]}},"_links":{"self":[{"href":"https:\/\/www.eno-energy.com\/en\/wp-json\/wp\/v2\/pages\/2800","targetHints":{"allow":["GET"]}}],"collection":[{"href":"https:\/\/www.eno-energy.com\/en\/wp-json\/wp\/v2\/pages"}],"about":[{"href":"https:\/\/www.eno-energy.com\/en\/wp-json\/wp\/v2\/types\/page"}],"author":[{"embeddable":true,"href":"https:\/\/www.eno-energy.com\/en\/wp-json\/wp\/v2\/users\/2"}],"replies":[{"embeddable":true,"href":"https:\/\/www.eno-energy.com\/en\/wp-json\/wp\/v2\/comments?post=2800"}],"version-history":[{"count":7,"href":"https:\/\/www.eno-energy.com\/en\/wp-json\/wp\/v2\/pages\/2800\/revisions"}],"predecessor-version":[{"id":5470,"href":"https:\/\/www.eno-energy.com\/en\/wp-json\/wp\/v2\/pages\/2800\/revisions\/5470"}],"up":[{"embeddable":true,"href":"https:\/\/www.eno-energy.com\/en\/wp-json\/wp\/v2\/pages\/2792"}],"wp:attachment":[{"href":"https:\/\/www.eno-energy.com\/en\/wp-json\/wp\/v2\/media?parent=2800"}],"curies":[{"name":"wp","href":"https:\/\/api.w.org\/{rel}","templated":true}]}}