{"id":2802,"date":"2021-09-13T10:48:23","date_gmt":"2021-09-13T08:48:23","guid":{"rendered":"https:\/\/www.eno-energy.com\/en\/?page_id=2802"},"modified":"2024-11-12T11:27:03","modified_gmt":"2024-11-12T10:27:03","slug":"gerbstedt","status":"publish","type":"page","link":"https:\/\/www.eno-energy.com\/en\/login\/gerbstedt\/","title":{"rendered":"Gerbstedt"},"content":{"rendered":"\t\t<div data-elementor-type=\"wp-page\" data-elementor-id=\"2802\" class=\"elementor elementor-2802\" data-elementor-post-type=\"page\">\n\t\t\t\t\t\t<section class=\"elementor-section elementor-top-section elementor-element elementor-element-1dfe04c elementor-section-height-min-height elementor-section-full_width elementor-section-items-stretch elementor-section-height-default\" data-id=\"1dfe04c\" data-element_type=\"section\" data-e-type=\"section\">\n\t\t\t\t\t\t<div class=\"elementor-container elementor-column-gap-default\">\n\t\t\t\t\t<div class=\"elementor-column elementor-col-100 elementor-top-column elementor-element elementor-element-5e09b25\" data-id=\"5e09b25\" data-element_type=\"column\" data-e-type=\"column\">\n\t\t\t<div class=\"elementor-widget-wrap elementor-element-populated\">\n\t\t\t\t\t\t<div class=\"elementor-element elementor-element-2d37f2d elementor-widget elementor-widget-image\" data-id=\"2d37f2d\" data-element_type=\"widget\" data-e-type=\"widget\" data-widget_type=\"image.default\">\n\t\t\t\t<div class=\"elementor-widget-container\">\n\t\t\t\t\t\t\t\t\t\t\t\t\t\t\t<img fetchpriority=\"high\" decoding=\"async\" width=\"1920\" height=\"362\" src=\"https:\/\/www.eno-energy.com\/en\/wp-content\/uploads\/sites\/2\/2021\/09\/csm_LKoelsaF489_54394ae3cc.jpg\" class=\"attachment-full-hd size-full-hd wp-image-2264\" alt=\"eno energy - Windpark K\u00f6lsa\" srcset=\"https:\/\/www.eno-energy.com\/en\/wp-content\/uploads\/sites\/2\/2021\/09\/csm_LKoelsaF489_54394ae3cc.jpg 1920w, https:\/\/www.eno-energy.com\/en\/wp-content\/uploads\/sites\/2\/2021\/09\/csm_LKoelsaF489_54394ae3cc-300x57.jpg 300w, https:\/\/www.eno-energy.com\/en\/wp-content\/uploads\/sites\/2\/2021\/09\/csm_LKoelsaF489_54394ae3cc-1024x193.jpg 1024w, https:\/\/www.eno-energy.com\/en\/wp-content\/uploads\/sites\/2\/2021\/09\/csm_LKoelsaF489_54394ae3cc-768x145.jpg 768w, https:\/\/www.eno-energy.com\/en\/wp-content\/uploads\/sites\/2\/2021\/09\/csm_LKoelsaF489_54394ae3cc-1536x290.jpg 1536w\" sizes=\"(max-width: 1920px) 100vw, 1920px\" \/>\t\t\t\t\t\t\t\t\t\t\t\t\t\t\t<\/div>\n\t\t\t\t<\/div>\n\t\t\t\t<section class=\"elementor-section elementor-inner-section elementor-element elementor-element-a5089fa elementor-section-height-min-height overlay-content no-overlay-mobile elementor-section-boxed elementor-section-height-default\" data-id=\"a5089fa\" data-element_type=\"section\" data-e-type=\"section\" data-settings=\"{&quot;background_background&quot;:&quot;classic&quot;}\">\n\t\t\t\t\t\t<div class=\"elementor-container elementor-column-gap-default\">\n\t\t\t\t\t<div class=\"elementor-column elementor-col-100 elementor-inner-column elementor-element elementor-element-bb9b286 animated-fast padding-left-h1 elementor-invisible\" data-id=\"bb9b286\" data-element_type=\"column\" data-e-type=\"column\" data-settings=\"{&quot;motion_fx_motion_fx_scrolling&quot;:&quot;yes&quot;,&quot;motion_fx_translateY_effect&quot;:&quot;yes&quot;,&quot;animation&quot;:&quot;bounceInLeft&quot;,&quot;motion_fx_devices&quot;:[&quot;desktop&quot;,&quot;tablet&quot;],&quot;motion_fx_translateY_speed&quot;:{&quot;unit&quot;:&quot;px&quot;,&quot;size&quot;:4,&quot;sizes&quot;:[]},&quot;motion_fx_translateY_affectedRange&quot;:{&quot;unit&quot;:&quot;%&quot;,&quot;size&quot;:&quot;&quot;,&quot;sizes&quot;:{&quot;start&quot;:0,&quot;end&quot;:100}}}\">\n\t\t\t<div class=\"elementor-widget-wrap elementor-element-populated\">\n\t\t\t\t\t\t<div class=\"elementor-element elementor-element-8729513 elementor-widget elementor-widget-heading\" data-id=\"8729513\" data-element_type=\"widget\" data-e-type=\"widget\" data-widget_type=\"heading.show_deco_line\">\n\t\t\t\t<div class=\"elementor-widget-container\">\n\t\t\t\t\t<h1 class=\"elementor-heading-title has-deco-line\">Windpark Gerbstedt<\/h1>\t\t\t\t<\/div>\n\t\t\t\t<\/div>\n\t\t\t\t\t<\/div>\n\t\t<\/div>\n\t\t\t\t\t<\/div>\n\t\t<\/section>\n\t\t\t\t\t<\/div>\n\t\t<\/div>\n\t\t\t\t\t<\/div>\n\t\t<\/section>\n\t\t<!-- hidden section 2802-ad280ca -->\t\t<section class=\"elementor-section elementor-top-section elementor-element elementor-element-62a053f elementor-section-full_width dc-has-condition dc-condition-equal elementor-section-height-default elementor-section-height-default\" data-id=\"62a053f\" data-element_type=\"section\" data-e-type=\"section\">\n\t\t\t\t\t\t<div class=\"elementor-container elementor-column-gap-default\">\n\t\t\t\t\t<div class=\"elementor-column elementor-col-100 elementor-top-column elementor-element elementor-element-ab79bbb\" data-id=\"ab79bbb\" data-element_type=\"column\" data-e-type=\"column\">\n\t\t\t<div class=\"elementor-widget-wrap elementor-element-populated\">\n\t\t\t\t\t\t<div class=\"elementor-element elementor-element-636dd95 elementor-widget elementor-widget-template\" data-id=\"636dd95\" data-element_type=\"widget\" data-e-type=\"widget\" data-widget_type=\"template.default\">\n\t\t\t\t<div class=\"elementor-widget-container\">\n\t\t\t\t\t\t\t<div class=\"elementor-template\">\n\t\t\t\t\t<div data-elementor-type=\"page\" data-elementor-id=\"2806\" class=\"elementor elementor-2806\" data-elementor-post-type=\"elementor_library\">\n\t\t\t\t\t\t<section class=\"elementor-section elementor-top-section elementor-element elementor-element-9e99453 elementor-section-boxed elementor-section-height-default elementor-section-height-default\" data-id=\"9e99453\" data-element_type=\"section\" data-e-type=\"section\">\n\t\t\t\t\t\t<div class=\"elementor-container elementor-column-gap-default\">\n\t\t\t\t\t<div class=\"elementor-column elementor-col-100 elementor-top-column elementor-element elementor-element-3f2f8cc\" data-id=\"3f2f8cc\" data-element_type=\"column\" data-e-type=\"column\">\n\t\t\t<div class=\"elementor-widget-wrap elementor-element-populated\">\n\t\t\t\t\t\t<div class=\"elementor-element elementor-element-8af7265 elementor-widget__width-auto elementor-widget elementor-widget-heading\" data-id=\"8af7265\" data-element_type=\"widget\" data-e-type=\"widget\" data-widget_type=\"heading.show_deco_line\">\n\t\t\t\t<div class=\"elementor-widget-container\">\n\t\t\t\t\t<h2 class=\"elementor-heading-title has-deco-line\">Kein Zugriff<\/h2>\t\t\t\t<\/div>\n\t\t\t\t<\/div>\n\t\t\t\t<div class=\"elementor-element elementor-element-d7e944c elementor-widget elementor-widget-text-editor\" data-id=\"d7e944c\" data-element_type=\"widget\" data-e-type=\"widget\" data-widget_type=\"text-editor.default\">\n\t\t\t\t<div class=\"elementor-widget-container\">\n\t\t\t\t\t\t\t\t\t<p>Sie haben nicht die erforderlichen Rechte um diesen Inhalt anzuzeigen<\/p>\t\t\t\t\t\t\t\t<\/div>\n\t\t\t\t<\/div>\n\t\t\t\t\t<\/div>\n\t\t<\/div>\n\t\t\t\t\t<\/div>\n\t\t<\/section>\n\t\t\t\t<\/div>\n\t\t\t\t<\/div>\n\t\t\t\t\t\t<\/div>\n\t\t\t\t<\/div>\n\t\t\t\t\t<\/div>\n\t\t<\/div>\n\t\t\t\t\t<\/div>\n\t\t<\/section>\n\t\t\t\t<\/div>\n\t\t","protected":false},"excerpt":{"rendered":"<p>Windpark Gerbstedt Ertr\u00e4ge Gerbstedt Ertr\u00e4ge 2021 Gerbstedt Ertr\u00e4ge 2020 Gerbstedt Ertr\u00e4ge 2019 Gerbstedt Ertr\u00e4ge 2018 Gerbstedt Ertr\u00e4ge 2017 Gerbstedt Ertr\u00e4ge 2016 Gerbstedt Ertr\u00e4ge 2015 Gerbstedt Ertr\u00e4ge 2014 Gerbstedt Ertr\u00e4ge 2013 Gerbstedt Ertr\u00e4ge 2012 Gerbstedt Ertr\u00e4ge 2011 Gerbstedt Ertr\u00e4ge 2010 Gerbstedt Ertr\u00e4ge 2009 Gerbstedt Ertr\u00e4ge 2008 Gerbstedt Ertr\u00e4ge 2007 Jahresabschluss Gerbstedt Jahresabschluss 2020 Gerbstedt Jahresabschluss 2019 [&hellip;]<\/p>\n","protected":false},"author":2,"featured_media":0,"parent":2792,"menu_order":0,"comment_status":"closed","ping_status":"closed","template":"","meta":{"_acf_changed":false,"inline_featured_image":false,"footnotes":""},"class_list":["post-2802","page","type-page","status-publish","hentry"],"acf":[],"yoast_head":"<!-- This site is optimized with the Yoast SEO plugin v27.2 - https:\/\/yoast.com\/product\/yoast-seo-wordpress\/ -->\n<title>Gerbstedt - eno energy [EN]<\/title>\n<meta name=\"robots\" content=\"index, follow, max-snippet:-1, max-image-preview:large, max-video-preview:-1\" \/>\n<link rel=\"canonical\" href=\"https:\/\/www.eno-energy.com\/en\/login\/gerbstedt\/\" \/>\n<meta property=\"og:locale\" content=\"en_US\" \/>\n<meta property=\"og:type\" content=\"article\" \/>\n<meta property=\"og:title\" content=\"Gerbstedt - eno energy [EN]\" \/>\n<meta property=\"og:description\" content=\"Windpark Gerbstedt Ertr\u00e4ge Gerbstedt Ertr\u00e4ge 2021 Gerbstedt Ertr\u00e4ge 2020 Gerbstedt Ertr\u00e4ge 2019 Gerbstedt Ertr\u00e4ge 2018 Gerbstedt Ertr\u00e4ge 2017 Gerbstedt Ertr\u00e4ge 2016 Gerbstedt Ertr\u00e4ge 2015 Gerbstedt Ertr\u00e4ge 2014 Gerbstedt Ertr\u00e4ge 2013 Gerbstedt Ertr\u00e4ge 2012 Gerbstedt Ertr\u00e4ge 2011 Gerbstedt Ertr\u00e4ge 2010 Gerbstedt Ertr\u00e4ge 2009 Gerbstedt Ertr\u00e4ge 2008 Gerbstedt Ertr\u00e4ge 2007 Jahresabschluss Gerbstedt Jahresabschluss 2020 Gerbstedt Jahresabschluss 2019 [&hellip;]\" \/>\n<meta property=\"og:url\" content=\"https:\/\/www.eno-energy.com\/en\/login\/gerbstedt\/\" \/>\n<meta property=\"og:site_name\" content=\"eno energy [EN]\" \/>\n<meta property=\"article:modified_time\" content=\"2024-11-12T10:27:03+00:00\" \/>\n<meta property=\"og:image\" content=\"https:\/\/www.eno-energy.com\/en\/wp-content\/uploads\/sites\/2\/2021\/09\/csm_LKoelsaF489_54394ae3cc.jpg\" \/>\n<meta name=\"twitter:card\" content=\"summary_large_image\" \/>\n<meta name=\"twitter:label1\" content=\"Est. reading time\" \/>\n\t<meta name=\"twitter:data1\" content=\"1 minute\" \/>\n<script type=\"application\/ld+json\" class=\"yoast-schema-graph\">{\"@context\":\"https:\/\/schema.org\",\"@graph\":[{\"@type\":\"WebPage\",\"@id\":\"https:\/\/www.eno-energy.com\/en\/login\/gerbstedt\/\",\"url\":\"https:\/\/www.eno-energy.com\/en\/login\/gerbstedt\/\",\"name\":\"Gerbstedt - eno energy [EN]\",\"isPartOf\":{\"@id\":\"https:\/\/www.eno-energy.com\/en\/#website\"},\"primaryImageOfPage\":{\"@id\":\"https:\/\/www.eno-energy.com\/en\/login\/gerbstedt\/#primaryimage\"},\"image\":{\"@id\":\"https:\/\/www.eno-energy.com\/en\/login\/gerbstedt\/#primaryimage\"},\"thumbnailUrl\":\"https:\/\/www.eno-energy.com\/en\/wp-content\/uploads\/sites\/2\/2021\/09\/csm_LKoelsaF489_54394ae3cc.jpg\",\"datePublished\":\"2021-09-13T08:48:23+00:00\",\"dateModified\":\"2024-11-12T10:27:03+00:00\",\"breadcrumb\":{\"@id\":\"https:\/\/www.eno-energy.com\/en\/login\/gerbstedt\/#breadcrumb\"},\"inLanguage\":\"en-US\",\"potentialAction\":[{\"@type\":\"ReadAction\",\"target\":[\"https:\/\/www.eno-energy.com\/en\/login\/gerbstedt\/\"]}]},{\"@type\":\"ImageObject\",\"inLanguage\":\"en-US\",\"@id\":\"https:\/\/www.eno-energy.com\/en\/login\/gerbstedt\/#primaryimage\",\"url\":\"https:\/\/www.eno-energy.com\/en\/wp-content\/uploads\/sites\/2\/2021\/09\/csm_LKoelsaF489_54394ae3cc.jpg\",\"contentUrl\":\"https:\/\/www.eno-energy.com\/en\/wp-content\/uploads\/sites\/2\/2021\/09\/csm_LKoelsaF489_54394ae3cc.jpg\",\"width\":1920,\"height\":362,\"caption\":\"eno energy - Windpark K\u00f6lsa\"},{\"@type\":\"BreadcrumbList\",\"@id\":\"https:\/\/www.eno-energy.com\/en\/login\/gerbstedt\/#breadcrumb\",\"itemListElement\":[{\"@type\":\"ListItem\",\"position\":1,\"name\":\"Startseite\",\"item\":\"https:\/\/www.eno-energy.com\/en\/\"},{\"@type\":\"ListItem\",\"position\":2,\"name\":\"Login\",\"item\":\"https:\/\/www.eno-energy.com\/en\/login\/\"},{\"@type\":\"ListItem\",\"position\":3,\"name\":\"Gerbstedt\"}]},{\"@type\":\"WebSite\",\"@id\":\"https:\/\/www.eno-energy.com\/en\/#website\",\"url\":\"https:\/\/www.eno-energy.com\/en\/\",\"name\":\"eno energy [EN]\",\"description\":\"Success with wind\",\"potentialAction\":[{\"@type\":\"SearchAction\",\"target\":{\"@type\":\"EntryPoint\",\"urlTemplate\":\"https:\/\/www.eno-energy.com\/en\/?s={search_term_string}\"},\"query-input\":{\"@type\":\"PropertyValueSpecification\",\"valueRequired\":true,\"valueName\":\"search_term_string\"}}],\"inLanguage\":\"en-US\"}]}<\/script>\n<!-- \/ Yoast SEO plugin. -->","yoast_head_json":{"title":"Gerbstedt - eno energy [EN]","robots":{"index":"index","follow":"follow","max-snippet":"max-snippet:-1","max-image-preview":"max-image-preview:large","max-video-preview":"max-video-preview:-1"},"canonical":"https:\/\/www.eno-energy.com\/en\/login\/gerbstedt\/","og_locale":"en_US","og_type":"article","og_title":"Gerbstedt - eno energy [EN]","og_description":"Windpark Gerbstedt Ertr\u00e4ge Gerbstedt Ertr\u00e4ge 2021 Gerbstedt Ertr\u00e4ge 2020 Gerbstedt Ertr\u00e4ge 2019 Gerbstedt Ertr\u00e4ge 2018 Gerbstedt Ertr\u00e4ge 2017 Gerbstedt Ertr\u00e4ge 2016 Gerbstedt Ertr\u00e4ge 2015 Gerbstedt Ertr\u00e4ge 2014 Gerbstedt Ertr\u00e4ge 2013 Gerbstedt Ertr\u00e4ge 2012 Gerbstedt Ertr\u00e4ge 2011 Gerbstedt Ertr\u00e4ge 2010 Gerbstedt Ertr\u00e4ge 2009 Gerbstedt Ertr\u00e4ge 2008 Gerbstedt Ertr\u00e4ge 2007 Jahresabschluss Gerbstedt Jahresabschluss 2020 Gerbstedt Jahresabschluss 2019 [&hellip;]","og_url":"https:\/\/www.eno-energy.com\/en\/login\/gerbstedt\/","og_site_name":"eno energy [EN]","article_modified_time":"2024-11-12T10:27:03+00:00","og_image":[{"url":"https:\/\/www.eno-energy.com\/en\/wp-content\/uploads\/sites\/2\/2021\/09\/csm_LKoelsaF489_54394ae3cc.jpg","type":"","width":"","height":""}],"twitter_card":"summary_large_image","twitter_misc":{"Est. reading time":"1 minute"},"schema":{"@context":"https:\/\/schema.org","@graph":[{"@type":"WebPage","@id":"https:\/\/www.eno-energy.com\/en\/login\/gerbstedt\/","url":"https:\/\/www.eno-energy.com\/en\/login\/gerbstedt\/","name":"Gerbstedt - eno energy [EN]","isPartOf":{"@id":"https:\/\/www.eno-energy.com\/en\/#website"},"primaryImageOfPage":{"@id":"https:\/\/www.eno-energy.com\/en\/login\/gerbstedt\/#primaryimage"},"image":{"@id":"https:\/\/www.eno-energy.com\/en\/login\/gerbstedt\/#primaryimage"},"thumbnailUrl":"https:\/\/www.eno-energy.com\/en\/wp-content\/uploads\/sites\/2\/2021\/09\/csm_LKoelsaF489_54394ae3cc.jpg","datePublished":"2021-09-13T08:48:23+00:00","dateModified":"2024-11-12T10:27:03+00:00","breadcrumb":{"@id":"https:\/\/www.eno-energy.com\/en\/login\/gerbstedt\/#breadcrumb"},"inLanguage":"en-US","potentialAction":[{"@type":"ReadAction","target":["https:\/\/www.eno-energy.com\/en\/login\/gerbstedt\/"]}]},{"@type":"ImageObject","inLanguage":"en-US","@id":"https:\/\/www.eno-energy.com\/en\/login\/gerbstedt\/#primaryimage","url":"https:\/\/www.eno-energy.com\/en\/wp-content\/uploads\/sites\/2\/2021\/09\/csm_LKoelsaF489_54394ae3cc.jpg","contentUrl":"https:\/\/www.eno-energy.com\/en\/wp-content\/uploads\/sites\/2\/2021\/09\/csm_LKoelsaF489_54394ae3cc.jpg","width":1920,"height":362,"caption":"eno energy - Windpark K\u00f6lsa"},{"@type":"BreadcrumbList","@id":"https:\/\/www.eno-energy.com\/en\/login\/gerbstedt\/#breadcrumb","itemListElement":[{"@type":"ListItem","position":1,"name":"Startseite","item":"https:\/\/www.eno-energy.com\/en\/"},{"@type":"ListItem","position":2,"name":"Login","item":"https:\/\/www.eno-energy.com\/en\/login\/"},{"@type":"ListItem","position":3,"name":"Gerbstedt"}]},{"@type":"WebSite","@id":"https:\/\/www.eno-energy.com\/en\/#website","url":"https:\/\/www.eno-energy.com\/en\/","name":"eno energy [EN]","description":"Success with wind","potentialAction":[{"@type":"SearchAction","target":{"@type":"EntryPoint","urlTemplate":"https:\/\/www.eno-energy.com\/en\/?s={search_term_string}"},"query-input":{"@type":"PropertyValueSpecification","valueRequired":true,"valueName":"search_term_string"}}],"inLanguage":"en-US"}]}},"_links":{"self":[{"href":"https:\/\/www.eno-energy.com\/en\/wp-json\/wp\/v2\/pages\/2802","targetHints":{"allow":["GET"]}}],"collection":[{"href":"https:\/\/www.eno-energy.com\/en\/wp-json\/wp\/v2\/pages"}],"about":[{"href":"https:\/\/www.eno-energy.com\/en\/wp-json\/wp\/v2\/types\/page"}],"author":[{"embeddable":true,"href":"https:\/\/www.eno-energy.com\/en\/wp-json\/wp\/v2\/users\/2"}],"replies":[{"embeddable":true,"href":"https:\/\/www.eno-energy.com\/en\/wp-json\/wp\/v2\/comments?post=2802"}],"version-history":[{"count":7,"href":"https:\/\/www.eno-energy.com\/en\/wp-json\/wp\/v2\/pages\/2802\/revisions"}],"predecessor-version":[{"id":5873,"href":"https:\/\/www.eno-energy.com\/en\/wp-json\/wp\/v2\/pages\/2802\/revisions\/5873"}],"up":[{"embeddable":true,"href":"https:\/\/www.eno-energy.com\/en\/wp-json\/wp\/v2\/pages\/2792"}],"wp:attachment":[{"href":"https:\/\/www.eno-energy.com\/en\/wp-json\/wp\/v2\/media?parent=2802"}],"curies":[{"name":"wp","href":"https:\/\/api.w.org\/{rel}","templated":true}]}}